{"id":56,"date":"2022-02-25T11:05:27","date_gmt":"2022-02-25T11:05:27","guid":{"rendered":"https:\/\/dev.kulttuuribussi.fi\/?page_id=56"},"modified":"2022-06-20T09:39:54","modified_gmt":"2022-06-20T09:39:54","slug":"lonnrotin-reppu","status":"publish","type":"page","link":"https:\/\/dev.kulttuuribussi.fi\/?page_id=56","title":{"rendered":"L\u00f6nnrotin reppu"},"content":{"rendered":"\n<div class=\"wp-block-cover alignfull is-light\" style=\"padding-top:0rem;padding-bottom:0rem;min-height:350px;aspect-ratio:unset;\"><span aria-hidden=\"true\" class=\"has-custom-color-5-background-color has-background-dim-100 wp-block-cover__gradient-background has-background-dim\"><\/span><div class=\"wp-block-cover__inner-container is-layout-flow wp-block-cover-is-layout-flow\"><div ><div class=\"wpcp-carousel-wrapper wpcp-wrapper-75\">\n\t<div id=\"wpcp-preloader-75\" class=\"wpcp-carousel-preloader\"><img decoding=\"async\" src=\"https:\/\/dev.kulttuuribussi.fi\/wp-content\/plugins\/wp-carousel-free\/public\/css\/spinner.svg\" alt=\"Preloader Image\"\/><\/div>\t<div id=\"sp-wp-carousel-free-id-75\" class=\"wpcp-carousel-section sp-wpcp-75  nav-vertical-center wpcp-image-carousel wpcp-preloader wpcp-standard\" data-slick='{ \"accessibility\":true, \"arrows\":true, \"autoplay\":true, \"autoplaySpeed\":3000, \"dots\":false, \"infinite\":true, \"speed\":600, \"pauseOnHover\":true, \"slidesToShow\":5, \"responsive\":[ { \"breakpoint\":1200, \"settings\": { \"slidesToShow\":4 } }, { \"breakpoint\":980, \"settings\":{ \"slidesToShow\":3 } }, { \"breakpoint\":736, \"settings\": { \"slidesToShow\":2 } }, {\"breakpoint\":480, \"settings\":{ \"slidesToShow\":1, \"arrows\": false, \"dots\": false } } ], \"rtl\":false, \"lazyLoad\": \"false\", \"swipe\": true, \"draggable\": true, \"swipeToSlide\":false }'   dir=\"ltr\">\n\t\t<div class=\"\">\n\t<div class=\"wpcp-single-item\">\n\t\t<div class=\"wpcp-slide-image\">\n\t<img loading=\"lazy\" decoding=\"async\" class=\"skip-lazy\" src=\"https:\/\/dev.kulttuuribussi.fi\/wp-content\/uploads\/2022\/04\/M2A9975-300x200.jpg\" alt=\"_M2A9975\" width=\"300\" height=\"200\"><\/div>\n\t<\/div>\n<\/div>\n<div class=\"\">\n\t<div class=\"wpcp-single-item\">\n\t\t<div class=\"wpcp-slide-image\">\n\t<img loading=\"lazy\" decoding=\"async\" class=\"skip-lazy\" src=\"https:\/\/dev.kulttuuribussi.fi\/wp-content\/uploads\/2022\/04\/M2A9833-300x200.jpg\" alt=\"_M2A9833\" width=\"300\" height=\"200\"><\/div>\n\t<\/div>\n<\/div>\n<div class=\"\">\n\t<div class=\"wpcp-single-item\">\n\t\t<div class=\"wpcp-slide-image\">\n\t<img loading=\"lazy\" decoding=\"async\" class=\"skip-lazy\" src=\"https:\/\/dev.kulttuuribussi.fi\/wp-content\/uploads\/2022\/04\/M2A9404-300x200.jpg\" alt=\"_M2A9404\" width=\"300\" height=\"200\"><\/div>\n\t<\/div>\n<\/div>\n<div class=\"\">\n\t<div class=\"wpcp-single-item\">\n\t\t<div class=\"wpcp-slide-image\">\n\t<img loading=\"lazy\" decoding=\"async\" class=\"skip-lazy\" src=\"https:\/\/dev.kulttuuribussi.fi\/wp-content\/uploads\/2022\/04\/M2A9277-300x200.jpg\" alt=\"_M2A9277\" width=\"300\" height=\"200\"><\/div>\n\t<\/div>\n<\/div>\n<div class=\"\">\n\t<div class=\"wpcp-single-item\">\n\t\t<div class=\"wpcp-slide-image\">\n\t<img loading=\"lazy\" decoding=\"async\" class=\"skip-lazy\" src=\"https:\/\/dev.kulttuuribussi.fi\/wp-content\/uploads\/2022\/04\/M2A9040-300x200.jpg\" alt=\"_M2A9040\" width=\"300\" height=\"200\"><\/div>\n\t<\/div>\n<\/div>\n<div class=\"\">\n\t<div class=\"wpcp-single-item\">\n\t\t<div class=\"wpcp-slide-image\">\n\t<img loading=\"lazy\" decoding=\"async\" class=\"skip-lazy\" src=\"https:\/\/dev.kulttuuribussi.fi\/wp-content\/uploads\/2022\/04\/M2A8791-300x200.jpg\" alt=\"_M2A8791\" width=\"300\" height=\"200\"><\/div>\n\t<\/div>\n<\/div>\n<div class=\"\">\n\t<div class=\"wpcp-single-item\">\n\t\t<div class=\"wpcp-slide-image\">\n\t<img loading=\"lazy\" decoding=\"async\" class=\"skip-lazy\" src=\"https:\/\/dev.kulttuuribussi.fi\/wp-content\/uploads\/2022\/04\/M2A8650-300x200.jpg\" alt=\"_M2A8650\" width=\"300\" height=\"200\"><\/div>\n\t<\/div>\n<\/div>\n<div class=\"\">\n\t<div class=\"wpcp-single-item\">\n\t\t<div class=\"wpcp-slide-image\">\n\t<img loading=\"lazy\" decoding=\"async\" class=\"skip-lazy\" src=\"https:\/\/dev.kulttuuribussi.fi\/wp-content\/uploads\/2022\/04\/M2A8543-300x200.jpg\" alt=\"_M2A8543\" width=\"300\" height=\"200\"><\/div>\n\t<\/div>\n<\/div>\n\t<\/div>\n<\/div>\n<\/div><\/div><\/div>\n\n\n\n<div class=\"wp-block-group alignwide has-custom-color-4-color has-white-background-color has-text-color has-background is-layout-constrained wp-block-group-is-layout-constrained\">\n<p class=\"has-text-align-center\"><span style=\"color:#2707FF; font-size: 40px\">D<\/span><span style=\"color:#90ff21; font-size: 40px\">i<\/span><span style=\"color:#18f0ff; font-size: 40px\">g<\/span><span style=\"color:#f50aff; font-size: 40px\">i<\/span><span style=\"color:#2707FF; font-size: 40px\">t<\/span><span style=\"color:#90ff21; font-size: 40px\">a<\/span><span style=\"color:#18f0ff; font-size: 40px\">a<\/span><span style=\"color:#f50aff; font-size: 40px\">l<\/span><span style=\"color:#2707FF; font-size: 40px\">i<\/span><span style=\"color:#90ff21; font-size: 40px\">n<\/span><span style=\"color:#18f0ff; font-size: 40px\">e<\/span><span style=\"color:#f50aff; font-size: 40px\">n<\/span><span style=\"font-size: 40px\"> <\/span><span style=\"color:#2707FF; font-size: 40px\">L<\/span><span style=\"color:#90ff21; font-size: 40px\">\u00f6<\/span><span style=\"color:#18f0ff; font-size: 40px\">n<\/span><span style=\"color:#f50aff; font-size: 40px\">n<\/span><span style=\"color:#2707FF; font-size: 40px\">r<\/span><span style=\"color:#90ff21; font-size: 40px\">o<\/span><span style=\"color:#18f0ff; font-size: 40px\">t<\/span><span style=\"color:#f50aff; font-size: 40px\">i<\/span><span style=\"color:#2707FF; font-size: 40px\">n<\/span><span style=\"font-size: 40px\"> <\/span><span style=\"color:#90ff21; font-size: 40px\">r<\/span><span style=\"color:#18f0ff; font-size: 40px\">e<\/span><span style=\"color:#f50aff; font-size: 40px\">p<\/span><span style=\"color:#2707FF; font-size: 40px\">p<\/span><span style=\"color:#90ff21; font-size: 40px\">u<\/span><\/p>\n\n\n\n<p class=\"has-text-align-center has-heading-color has-text-color has-md-font-size\">Digitaalinen L\u00f6nnrotin reppu -osiossa kirjailija Petri Pietil\u00e4inen kiert\u00e4\u00e4 Kotkan eri kouluissa yhdess\u00e4 kuvataiteilija Ekaterina Kososen ja tanssitaiteilija Mirka Liljeqvistin kanssa ker\u00e4ten tarinoita lapsilta. Tarinoista oppilaat valmistavat yhdess\u00e4 taiteilijoiden kanssa oman n\u00e4k\u00f6ist\u00e4\u00e4n taidetta. Kulttuuribussi paitsi vie, se my\u00f6s tuo kent\u00e4lt\u00e4 lasten taidetta.<\/p>\n<\/div>\n\n\n\n<div class=\"wp-block-group alignwide is-layout-flow wp-block-group-is-layout-flow\">\n<h3 class=\"has-text-align-center wp-block-heading\" id=\"taiteilijat\"><span style=\"color:#2707FF; font-size: 40px\">T<\/span><span style=\"color:#90ff21; font-size: 40px\">a<\/span><span style=\"color:#18f0ff; font-size: 40px\">i<\/span><span style=\"color:#f50aff; font-size: 40px\">t<\/span><span style=\"color:#2707FF; font-size: 40px\">e<\/span><span style=\"color:#90ff21; font-size: 40px\">i<\/span><span style=\"color:#18f0ff; font-size: 40px\">l<\/span><span style=\"color:#f50aff; font-size: 40px\">i<\/span><span style=\"color:#2707FF; font-size: 40px\">j<\/span><span style=\"color:#90ff21; font-size: 40px\">a<\/span><span style=\"color:#18f0ff; font-size: 40px\">t<\/span><\/h3>\n\n\n\n<div class=\"wp-block-columns is-layout-flex wp-container-core-columns-is-layout-9d6595d7 wp-block-columns-is-layout-flex\">\n<div class=\"wp-block-column is-layout-flow wp-block-column-is-layout-flow\">\n<figure class=\"wp-block-embed is-type-video is-provider-youtube wp-block-embed-youtube wp-embed-aspect-16-9 wp-has-aspect-ratio\"><div class=\"wp-block-embed__wrapper\">\n<iframe loading=\"lazy\" title=\"1. Digitaalinen L\u00f6nnrotin Reppu - Matkasuunnitelma\" width=\"500\" height=\"281\" src=\"https:\/\/www.youtube.com\/embed\/SkZjMf_xtrQ?feature=oembed\" frameborder=\"0\" allow=\"accelerometer; autoplay; clipboard-write; encrypted-media; gyroscope; picture-in-picture; web-share\" referrerpolicy=\"strict-origin-when-cross-origin\" allowfullscreen><\/iframe>\n<\/div><\/figure>\n<\/div>\n\n\n\n<div class=\"wp-block-column is-layout-flow wp-block-column-is-layout-flow\">\n<figure class=\"wp-block-embed is-type-video is-provider-youtube wp-block-embed-youtube wp-embed-aspect-16-9 wp-has-aspect-ratio\"><div class=\"wp-block-embed__wrapper\">\n<iframe loading=\"lazy\" title=\"2. Digitaalinen L\u00f6nnrotin Reppu - Tanssitaan!\" width=\"500\" height=\"281\" src=\"https:\/\/www.youtube.com\/embed\/8cixRm6X8Xo?feature=oembed\" frameborder=\"0\" allow=\"accelerometer; autoplay; clipboard-write; encrypted-media; gyroscope; picture-in-picture; web-share\" referrerpolicy=\"strict-origin-when-cross-origin\" allowfullscreen><\/iframe>\n<\/div><\/figure>\n<\/div>\n\n\n\n<div class=\"wp-block-column is-layout-flow wp-block-column-is-layout-flow\"><\/div>\n<\/div>\n<\/div>\n\n\n\n<div class=\"wp-block-group alignwide is-layout-flow wp-block-group-is-layout-flow\">\n<div class=\"wp-block-columns is-layout-flex wp-container-core-columns-is-layout-9d6595d7 wp-block-columns-is-layout-flex\">\n<div class=\"wp-block-column is-layout-flow wp-block-column-is-layout-flow\">\n<h2 class=\"wp-block-heading\" id=\"tavastilan-koulu\"><a href=\"https:\/\/dev.kulttuuribussi.fi\/?page_id=748\" data-type=\"page\" data-id=\"748\"><span style=\"color:#2707FF; font-size: 40px\">T<\/span><span style=\"color:#90ff21; font-size: 40px\">a<\/span><span style=\"color:#18f0ff; font-size: 40px\">v<\/span><span style=\"color:#f50aff; font-size: 40px\">a<\/span><span style=\"color:#2707FF; font-size: 40px\">s<\/span><span style=\"color:#90ff21; font-size: 40px\">t<\/span><span style=\"color:#18f0ff; font-size: 40px\">i<\/span><span style=\"color:#f50aff; font-size: 40px\">l<\/span><span style=\"color:#2707FF; font-size: 40px\">a<\/span><span style=\"color:#90ff21; font-size: 40px\">n<\/span><span style=\"font-size: 40px\"> <\/span><span style=\"color:#18f0ff; font-size: 40px\">k<\/span><span style=\"color:#f50aff; font-size: 40px\">o<\/span><span style=\"color:#2707FF; font-size: 40px\">u<\/span><span style=\"color:#90ff21; font-size: 40px\">l<\/span><span style=\"color:#18f0ff; font-size: 40px\">u<\/span><\/a><\/h2>\n<\/div>\n\n\n\n<div class=\"wp-block-column is-layout-flow wp-block-column-is-layout-flow\">\n<h2 class=\"wp-block-heading\" id=\"hakalan-koulu\"><a href=\"https:\/\/dev.kulttuuribussi.fi\/?page_id=744\" data-type=\"page\" data-id=\"744\"><span style=\"color:#2707FF; font-size: 40px\">H<\/span><span style=\"color:#90ff21; font-size: 40px\">a<\/span><span style=\"color:#18f0ff; font-size: 40px\">k<\/span><span style=\"color:#f50aff; font-size: 40px\">a<\/span><span style=\"color:#2707FF; font-size: 40px\">l<\/span><span style=\"color:#90ff21; font-size: 40px\">a<\/span><span style=\"color:#18f0ff; font-size: 40px\">n<\/span><span style=\"font-size: 40px\"> <\/span><span style=\"color:#f50aff; font-size: 40px\">k<\/span><span style=\"color:#2707FF; font-size: 40px\">o<\/span><span style=\"color:#90ff21; font-size: 40px\">u<\/span><span style=\"color:#18f0ff; font-size: 40px\">l<\/span><span style=\"color:#f50aff; font-size: 40px\">u<\/span><\/a><\/h2>\n<\/div>\n\n\n\n<div class=\"wp-block-column is-layout-flow wp-block-column-is-layout-flow\">\n<h2 class=\"wp-block-heading\" id=\"korkeakosken-koulu\"><a href=\"https:\/\/dev.kulttuuribussi.fi\/?page_id=746\" data-type=\"page\" data-id=\"746\"><span style=\"color:#2707FF; font-size: 40px\">K<\/span><span style=\"color:#90ff21; font-size: 40px\">o<\/span><span style=\"color:#18f0ff; font-size: 40px\">r<\/span><span style=\"color:#f50aff; font-size: 40px\">k<\/span><span style=\"color:#2707FF; font-size: 40px\">e<\/span><span style=\"color:#90ff21; font-size: 40px\">a<\/span><span style=\"color:#18f0ff; font-size: 40px\">k<\/span><span style=\"color:#f50aff; font-size: 40px\">o<\/span><span style=\"color:#2707FF; font-size: 40px\">s<\/span><span style=\"color:#90ff21; font-size: 40px\">k<\/span><span style=\"color:#18f0ff; font-size: 40px\">e<\/span><span style=\"color:#f50aff; font-size: 40px\">n<\/span><span style=\"font-size: 40px\"> <\/span><span style=\"color:#2707FF; font-size: 40px\">k<\/span><span style=\"color:#90ff21; font-size: 40px\">o<\/span><span style=\"color:#18f0ff; font-size: 40px\">u<\/span><span style=\"color:#f50aff; font-size: 40px\">l<\/span><span style=\"color:#2707FF; font-size: 40px\">u<\/span><\/a><\/h2>\n<\/div>\n<\/div>\n<\/div>\n","protected":false},"excerpt":{"rendered":"<p>Digitaalinen L\u00f6nnrotin reppu Digitaalinen L\u00f6nnrotin reppu -osiossa kirjailija Petri Pietil\u00e4inen kiert\u00e4\u00e4 Kotkan eri kouluissa yhdess\u00e4 kuvataiteilija Ekaterina Kososen ja tanssitaiteilija Mirka Liljeqvistin kanssa ker\u00e4ten tarinoita lapsilta. Tarinoista oppilaat valmistavat yhdess\u00e4 taiteilijoiden kanssa oman n\u00e4k\u00f6ist\u00e4\u00e4n taidetta&#8230;.<\/p>\n","protected":false},"author":4,"featured_media":0,"parent":0,"menu_order":0,"comment_status":"closed","ping_status":"closed","template":"","meta":{"footnotes":""},"class_list":["post-56","page","type-page","status-publish","hentry"],"_links":{"self":[{"href":"https:\/\/dev.kulttuuribussi.fi\/index.php?rest_route=\/wp\/v2\/pages\/56","targetHints":{"allow":["GET"]}}],"collection":[{"href":"https:\/\/dev.kulttuuribussi.fi\/index.php?rest_route=\/wp\/v2\/pages"}],"about":[{"href":"https:\/\/dev.kulttuuribussi.fi\/index.php?rest_route=\/wp\/v2\/types\/page"}],"author":[{"embeddable":true,"href":"https:\/\/dev.kulttuuribussi.fi\/index.php?rest_route=\/wp\/v2\/users\/4"}],"replies":[{"embeddable":true,"href":"https:\/\/dev.kulttuuribussi.fi\/index.php?rest_route=%2Fwp%2Fv2%2Fcomments&post=56"}],"version-history":[{"count":24,"href":"https:\/\/dev.kulttuuribussi.fi\/index.php?rest_route=\/wp\/v2\/pages\/56\/revisions"}],"predecessor-version":[{"id":786,"href":"https:\/\/dev.kulttuuribussi.fi\/index.php?rest_route=\/wp\/v2\/pages\/56\/revisions\/786"}],"wp:attachment":[{"href":"https:\/\/dev.kulttuuribussi.fi\/index.php?rest_route=%2Fwp%2Fv2%2Fmedia&parent=56"}],"curies":[{"name":"wp","href":"https:\/\/api.w.org\/{rel}","templated":true}]}}